{"id":733,"date":"2024-02-16T10:50:41","date_gmt":"2024-02-16T15:50:41","guid":{"rendered":"https:\/\/cic-mauricie.ca\/terms-of-use-and-privacy-policy\/"},"modified":"2025-09-24T12:05:04","modified_gmt":"2025-09-24T16:05:04","slug":"terms-of-use-and-privacy-policy","status":"publish","type":"page","link":"https:\/\/cic-mauricie.ca\/en\/terms-of-use-and-privacy-policy\/","title":{"rendered":"Terms of use and privacy policy"},"content":{"rendered":"\t\t<div data-elementor-type=\"wp-page\" data-elementor-id=\"733\" class=\"elementor elementor-733 elementor-372\" data-elementor-post-type=\"page\">\n\t\t\t\t\t\t<section class=\"elementor-section elementor-top-section elementor-element elementor-element-e04b82c elementor-section-height-min-height elementor-section-items-stretch elementor-section-boxed elementor-section-height-default\" data-id=\"e04b82c\" data-element_type=\"section\" data-e-type=\"section\" data-settings=\"{&quot;background_background&quot;:&quot;classic&quot;}\">\n\t\t\t\t\t\t\t<div class=\"elementor-background-overlay\"><\/div>\n\t\t\t\t\t\t\t<div class=\"elementor-container elementor-column-gap-default\">\n\t\t\t\t\t<div class=\"elementor-column elementor-col-100 elementor-top-column elementor-element elementor-element-6961f23\" data-id=\"6961f23\" data-element_type=\"column\" data-e-type=\"column\">\n\t\t\t<div class=\"elementor-widget-wrap elementor-element-populated\">\n\t\t\t\t\t\t<div class=\"elementor-element elementor-element-eab380c elementor-invisible elementor-widget elementor-widget-heading\" data-id=\"eab380c\" data-element_type=\"widget\" data-e-type=\"widget\" data-settings=\"{&quot;_animation&quot;:&quot;fadeInUp&quot;,&quot;_animation_delay&quot;:250}\" data-widget_type=\"heading.default\">\n\t\t\t\t<div class=\"elementor-widget-container\">\n\t\t\t\t\t<h1 class=\"elementor-heading-title elementor-size-default\">Terms of use and privacy policy<\/h1>\t\t\t\t<\/div>\n\t\t\t\t<\/div>\n\t\t\t\t<div class=\"elementor-element elementor-element-4f4bc19 elementor-align-center elementor-widget elementor-widget-breadcrumbs\" data-id=\"4f4bc19\" data-element_type=\"widget\" data-e-type=\"widget\" data-widget_type=\"breadcrumbs.default\">\n\t\t\t\t<div class=\"elementor-widget-container\">\n\t\t\t\t\t<p id=\"breadcrumbs\"><span><span><a href=\"https:\/\/cic-mauricie.ca\/en\/home\/\">Accueil<\/a><\/span><\/span><\/p>\t\t\t\t<\/div>\n\t\t\t\t<\/div>\n\t\t\t\t\t<\/div>\n\t\t<\/div>\n\t\t\t\t\t<\/div>\n\t\t<\/section>\n\t\t\t\t<section class=\"elementor-section elementor-top-section elementor-element elementor-element-f08de66 elementor-reverse-tablet elementor-reverse-mobile elementor-section-boxed elementor-section-height-default elementor-section-height-default\" data-id=\"f08de66\" data-element_type=\"section\" data-e-type=\"section\" data-settings=\"{&quot;background_background&quot;:&quot;classic&quot;}\">\n\t\t\t\t\t\t<div class=\"elementor-container elementor-column-gap-default\">\n\t\t\t\t\t<div class=\"elementor-column elementor-col-100 elementor-top-column elementor-element elementor-element-c8b3ecf\" data-id=\"c8b3ecf\" data-element_type=\"column\" data-e-type=\"column\">\n\t\t\t<div class=\"elementor-widget-wrap elementor-element-populated\">\n\t\t\t\t\t\t<div class=\"elementor-element elementor-element-c3e437f elementor-invisible elementor-widget elementor-widget-text-editor\" data-id=\"c3e437f\" data-element_type=\"widget\" data-e-type=\"widget\" data-settings=\"{&quot;_animation&quot;:&quot;fadeInUp&quot;}\" data-widget_type=\"text-editor.default\">\n\t\t\t\t<div class=\"elementor-widget-container\">\n\t\t\t\t\t\t\t\t\t<p><strong>CIC Mauricie Inc.<\/strong> complies with the <em>Private Sector Privacy Act<\/em>.<\/p><p>In the event of a privacy incident involving personal information, rest assured that all reasonable measures will be taken to mitigate the risk of harm to the individuals concerned and to prevent similar incidents from occurring in the future. Insofar as an incident poses a risk of serious prejudice, the individual concerned and the <em>Commission d&#8217;acc\u00e8s \u00e0 l&#8217;information du Qu\u00e9bec<\/em> will be notified as soon as possible. An register of incidents is available on demand.  <\/p><h3>Responsible for the protection of personal information within the company<\/h3><p><strong>Dr Pierre-Alexandre M\u00e9nard<br><\/strong>Address  <em>: 700 boul. Thibeau, Suite 200, Trois-Rivi\u00e8res, QC, G8T 7A1 <br><\/em>Telephone <em>: <a href=\"tel:8193731128\">819 373-1128<\/a><br><\/em>E-mail <em>: <a href=\"mailto:pamenard@cic-mauricie.ca\">pamenard@cic-mauricie.ca<\/a><\/em><\/p><h3>Governance with respect to personnal information<\/h3><p>As part of our activities, all our staff, both medical and administrative, have signed a confidentiality agreement protecting our patients and partners throughout the lifecycle of personal information collected for the operation of the business.<\/p><p>Under the <em>Food and Drug Regulations<\/em> and the <em>Natural Health Products Regulations of the Government of Canada<\/em>, we are required to retain clinical trial records for a period of 15 years. Following this period, all records containing personal information are destroyed in accordance with current regulations and with the assistance of an authorized provider. <\/p><p>For any complaint related to the protection of personal information, please contact our Privacy Officer within the company. Please include your name, contact information, and the reason for your complaint. All complaint will be examined within 5 business days following its reception. <\/p><h3>Transparency, consent and right to portability<\/h3><p>When collecting your personal information as part of our clinical studies, the following information will be communicated to you:<\/p><ul><li>The purposes of the collection;<\/li><li>The means of collection;<\/li><li>Rights of access and rectification;<\/li><li>The right to withdraw your consent.<\/li><li>Name of the third party or categories of third parties for whom the collection is made;<\/li><li>Name of third parties to whom it is necessary to communicate the information;<\/li><li>The possibility (if applicable) that the information is communicated outside Quebec.<\/li><\/ul><p>Upon request, the following information will be provided to you:<\/p><ul><li>Personal information collected from you<\/li><li>The categories of people who have access to this information within the organization;<\/li><li>The duration of retention of this information;<\/li><li>Contact details of the person responsible for the protection of personal information.<\/li><\/ul><p>Upon request, any computerized personal information collected from you may be provided to you in a structured and commonly used technological format.<\/p><h3>Collection of personal information using technological means<\/h3><p>As part of your participation in one of our clinical studies, the following information may be collected using technological means:<\/p><ul><li>Medical notes contained in the GMF du Cap file<\/li><li>Results of medical examinations contained in the GMF du Cap file<\/li><li>Results of medical examinations contained in the Dossier de Sant\u00e9 du Qu\u00e9bec (DSQ)<\/li><li>List of medications contained in the Dossier de Sant\u00e9 du Qu\u00e9bec (DSQ)<\/li><\/ul><p>Anyone with electronic access to this data has the necessary authorizations.<\/p>\t\t\t\t\t\t\t\t<\/div>\n\t\t\t\t<\/div>\n\t\t\t\t\t<\/div>\n\t\t<\/div>\n\t\t\t\t\t<\/div>\n\t\t<\/section>\n\t\t\t\t<\/div>\n\t\t","protected":false},"excerpt":{"rendered":"<p>CIC Mauricie Inc. complies with the Private Sector Privacy Act. In the event of a privacy incident involving personal information, rest assured that all reasonable measures will be taken to mitigate the risk of harm to the individuals concerned and to prevent similar incidents from occurring in the future. Insofar as an incident poses a [&hellip;]<\/p>\n","protected":false},"author":1,"featured_media":0,"parent":0,"menu_order":0,"comment_status":"closed","ping_status":"closed","template":"","meta":{"_acf_changed":false,"footnotes":""},"class_list":["post-733","page","type-page","status-publish","hentry"],"acf":[],"yoast_head":"<!-- This site is optimized with the Yoast SEO plugin v27.6 - https:\/\/yoast.com\/product\/yoast-seo-wordpress\/ -->\n<title>Terms of use and privacy policy - CIC Mauricie<\/title>\n<meta name=\"description\" content=\"CIC Mauricie Inc. complies with the Private Sector Privacy Act.In the event of a privacy incident involving personal information, rest assured that all\" \/>\n<meta name=\"robots\" content=\"index, follow, max-snippet:-1, max-image-preview:large, max-video-preview:-1\" \/>\n<link rel=\"canonical\" href=\"https:\/\/cic-mauricie.ca\/conditions-dutilisation-et-politique-de-confidentialite\/\" \/>\n<meta property=\"og:locale\" content=\"en_US\" \/>\n<meta property=\"og:type\" content=\"article\" \/>\n<meta property=\"og:title\" content=\"Terms of use and privacy policy - CIC Mauricie\" \/>\n<meta property=\"og:description\" content=\"CIC Mauricie Inc. complies with the Private Sector Privacy Act.In the event of a privacy incident involving personal information, rest assured that all\" \/>\n<meta property=\"og:url\" content=\"https:\/\/cic-mauricie.ca\/conditions-dutilisation-et-politique-de-confidentialite\/\" \/>\n<meta property=\"og:site_name\" content=\"CIC Mauricie\" \/>\n<meta property=\"article:modified_time\" content=\"2025-09-24T16:05:04+00:00\" \/>\n<meta property=\"og:image\" content=\"https:\/\/cic-mauricie.ca\/wp-content\/uploads\/2023\/11\/bg-02.png\" \/>\n\t<meta property=\"og:image:width\" content=\"1920\" \/>\n\t<meta property=\"og:image:height\" content=\"1282\" \/>\n\t<meta property=\"og:image:type\" content=\"image\/png\" \/>\n<meta name=\"twitter:card\" content=\"summary_large_image\" \/>\n<script type=\"application\/ld+json\" class=\"yoast-schema-graph\">{\"@context\":\"https:\\\/\\\/schema.org\",\"@graph\":[{\"@type\":\"WebPage\",\"@id\":\"https:\\\/\\\/cic-mauricie.ca\\\/conditions-dutilisation-et-politique-de-confidentialite\\\/\",\"url\":\"https:\\\/\\\/cic-mauricie.ca\\\/conditions-dutilisation-et-politique-de-confidentialite\\\/\",\"name\":\"Terms of use and privacy policy - CIC Mauricie\",\"isPartOf\":{\"@id\":\"https:\\\/\\\/cic-mauricie.ca\\\/#website\"},\"datePublished\":\"2024-02-16T15:50:41+00:00\",\"dateModified\":\"2025-09-24T16:05:04+00:00\",\"description\":\"CIC Mauricie Inc. complies with the Private Sector Privacy Act.In the event of a privacy incident involving personal information, rest assured that all\",\"breadcrumb\":{\"@id\":\"https:\\\/\\\/cic-mauricie.ca\\\/conditions-dutilisation-et-politique-de-confidentialite\\\/#breadcrumb\"},\"inLanguage\":\"en-US\",\"potentialAction\":[{\"@type\":\"ReadAction\",\"target\":[\"https:\\\/\\\/cic-mauricie.ca\\\/conditions-dutilisation-et-politique-de-confidentialite\\\/\"]}]},{\"@type\":\"BreadcrumbList\",\"@id\":\"https:\\\/\\\/cic-mauricie.ca\\\/conditions-dutilisation-et-politique-de-confidentialite\\\/#breadcrumb\",\"itemListElement\":[{\"@type\":\"ListItem\",\"position\":1,\"name\":\"Accueil\",\"item\":\"https:\\\/\\\/cic-mauricie.ca\\\/en\\\/home\\\/\"},{\"@type\":\"ListItem\",\"position\":2,\"name\":\"Terms of use and privacy policy\"}]},{\"@type\":\"WebSite\",\"@id\":\"https:\\\/\\\/cic-mauricie.ca\\\/#website\",\"url\":\"https:\\\/\\\/cic-mauricie.ca\\\/\",\"name\":\"CIC Mauricie\",\"description\":\"L&#039;excellence en recherche et essais cliniques pharmaceutiques\",\"publisher\":{\"@id\":\"https:\\\/\\\/cic-mauricie.ca\\\/#organization\"},\"potentialAction\":[{\"@type\":\"SearchAction\",\"target\":{\"@type\":\"EntryPoint\",\"urlTemplate\":\"https:\\\/\\\/cic-mauricie.ca\\\/?s={search_term_string}\"},\"query-input\":{\"@type\":\"PropertyValueSpecification\",\"valueRequired\":true,\"valueName\":\"search_term_string\"}}],\"inLanguage\":\"en-US\"},{\"@type\":\"Organization\",\"@id\":\"https:\\\/\\\/cic-mauricie.ca\\\/#organization\",\"name\":\"CIC Mauricie\",\"url\":\"https:\\\/\\\/cic-mauricie.ca\\\/\",\"logo\":{\"@type\":\"ImageObject\",\"inLanguage\":\"en-US\",\"@id\":\"https:\\\/\\\/cic-mauricie.ca\\\/#\\\/schema\\\/logo\\\/image\\\/\",\"url\":\"https:\\\/\\\/cic-mauricie.ca\\\/wp-content\\\/uploads\\\/2023\\\/11\\\/logo-cic-mauricie.svg\",\"contentUrl\":\"https:\\\/\\\/cic-mauricie.ca\\\/wp-content\\\/uploads\\\/2023\\\/11\\\/logo-cic-mauricie.svg\",\"width\":426,\"height\":305,\"caption\":\"CIC Mauricie\"},\"image\":{\"@id\":\"https:\\\/\\\/cic-mauricie.ca\\\/#\\\/schema\\\/logo\\\/image\\\/\"}}]}<\/script>\n<!-- \/ Yoast SEO plugin. -->","yoast_head_json":{"title":"Terms of use and privacy policy - CIC Mauricie","description":"CIC Mauricie Inc. complies with the Private Sector Privacy Act.In the event of a privacy incident involving personal information, rest assured that all","robots":{"index":"index","follow":"follow","max-snippet":"max-snippet:-1","max-image-preview":"max-image-preview:large","max-video-preview":"max-video-preview:-1"},"canonical":"https:\/\/cic-mauricie.ca\/conditions-dutilisation-et-politique-de-confidentialite\/","og_locale":"en_US","og_type":"article","og_title":"Terms of use and privacy policy - CIC Mauricie","og_description":"CIC Mauricie Inc. complies with the Private Sector Privacy Act.In the event of a privacy incident involving personal information, rest assured that all","og_url":"https:\/\/cic-mauricie.ca\/conditions-dutilisation-et-politique-de-confidentialite\/","og_site_name":"CIC Mauricie","article_modified_time":"2025-09-24T16:05:04+00:00","og_image":[{"width":1920,"height":1282,"url":"https:\/\/cic-mauricie.ca\/wp-content\/uploads\/2023\/11\/bg-02.png","type":"image\/png"}],"twitter_card":"summary_large_image","schema":{"@context":"https:\/\/schema.org","@graph":[{"@type":"WebPage","@id":"https:\/\/cic-mauricie.ca\/conditions-dutilisation-et-politique-de-confidentialite\/","url":"https:\/\/cic-mauricie.ca\/conditions-dutilisation-et-politique-de-confidentialite\/","name":"Terms of use and privacy policy - CIC Mauricie","isPartOf":{"@id":"https:\/\/cic-mauricie.ca\/#website"},"datePublished":"2024-02-16T15:50:41+00:00","dateModified":"2025-09-24T16:05:04+00:00","description":"CIC Mauricie Inc. complies with the Private Sector Privacy Act.In the event of a privacy incident involving personal information, rest assured that all","breadcrumb":{"@id":"https:\/\/cic-mauricie.ca\/conditions-dutilisation-et-politique-de-confidentialite\/#breadcrumb"},"inLanguage":"en-US","potentialAction":[{"@type":"ReadAction","target":["https:\/\/cic-mauricie.ca\/conditions-dutilisation-et-politique-de-confidentialite\/"]}]},{"@type":"BreadcrumbList","@id":"https:\/\/cic-mauricie.ca\/conditions-dutilisation-et-politique-de-confidentialite\/#breadcrumb","itemListElement":[{"@type":"ListItem","position":1,"name":"Accueil","item":"https:\/\/cic-mauricie.ca\/en\/home\/"},{"@type":"ListItem","position":2,"name":"Terms of use and privacy policy"}]},{"@type":"WebSite","@id":"https:\/\/cic-mauricie.ca\/#website","url":"https:\/\/cic-mauricie.ca\/","name":"CIC Mauricie","description":"L&#039;excellence en recherche et essais cliniques pharmaceutiques","publisher":{"@id":"https:\/\/cic-mauricie.ca\/#organization"},"potentialAction":[{"@type":"SearchAction","target":{"@type":"EntryPoint","urlTemplate":"https:\/\/cic-mauricie.ca\/?s={search_term_string}"},"query-input":{"@type":"PropertyValueSpecification","valueRequired":true,"valueName":"search_term_string"}}],"inLanguage":"en-US"},{"@type":"Organization","@id":"https:\/\/cic-mauricie.ca\/#organization","name":"CIC Mauricie","url":"https:\/\/cic-mauricie.ca\/","logo":{"@type":"ImageObject","inLanguage":"en-US","@id":"https:\/\/cic-mauricie.ca\/#\/schema\/logo\/image\/","url":"https:\/\/cic-mauricie.ca\/wp-content\/uploads\/2023\/11\/logo-cic-mauricie.svg","contentUrl":"https:\/\/cic-mauricie.ca\/wp-content\/uploads\/2023\/11\/logo-cic-mauricie.svg","width":426,"height":305,"caption":"CIC Mauricie"},"image":{"@id":"https:\/\/cic-mauricie.ca\/#\/schema\/logo\/image\/"}}]}},"_links":{"self":[{"href":"https:\/\/cic-mauricie.ca\/en\/wp-json\/wp\/v2\/pages\/733","targetHints":{"allow":["GET"]}}],"collection":[{"href":"https:\/\/cic-mauricie.ca\/en\/wp-json\/wp\/v2\/pages"}],"about":[{"href":"https:\/\/cic-mauricie.ca\/en\/wp-json\/wp\/v2\/types\/page"}],"author":[{"embeddable":true,"href":"https:\/\/cic-mauricie.ca\/en\/wp-json\/wp\/v2\/users\/1"}],"replies":[{"embeddable":true,"href":"https:\/\/cic-mauricie.ca\/en\/wp-json\/wp\/v2\/comments?post=733"}],"version-history":[{"count":9,"href":"https:\/\/cic-mauricie.ca\/en\/wp-json\/wp\/v2\/pages\/733\/revisions"}],"predecessor-version":[{"id":1424,"href":"https:\/\/cic-mauricie.ca\/en\/wp-json\/wp\/v2\/pages\/733\/revisions\/1424"}],"wp:attachment":[{"href":"https:\/\/cic-mauricie.ca\/en\/wp-json\/wp\/v2\/media?parent=733"}],"curies":[{"name":"wp","href":"https:\/\/api.w.org\/{rel}","templated":true}]}}